{"id":147,"date":"2026-03-27T13:15:34","date_gmt":"2026-03-27T13:15:34","guid":{"rendered":"https:\/\/bauernhof-kastrum.de\/?page_id=147"},"modified":"2026-03-27T13:27:10","modified_gmt":"2026-03-27T13:27:10","slug":"events-2","status":"publish","type":"page","link":"https:\/\/bauernhof-kastrum.de\/?page_id=147","title":{"rendered":"Events"},"content":{"rendered":"<p>[et_pb_section fb_built=&#8220;1&#8243; _builder_version=&#8220;4.27.4&#8243; _module_preset=&#8220;default&#8220; background_color=&#8220;rgba(0,0,0,0.18)&#8220; background_image=&#8220;https:\/\/bauernhof-kastrum.de\/wp-content\/uploads\/2026\/03\/Events.jpg&#8220; background_blend=&#8220;overlay&#8220; min_height=&#8220;500px&#8220; bottom_divider_style=&#8220;waves&#8220; bottom_divider_color=&#8220;gcid-cc078d1f-a88f-4e7f-b2f9-4253a844ef8c&#8220; bottom_divider_height=&#8220;24px&#8220; hover_enabled=&#8220;0&#8243; custom_css_free_form=&#8220;selector {||  margin-top: -50px;||}&#8220; global_colors_info=&#8220;{%22gcid-cc078d1f-a88f-4e7f-b2f9-4253a844ef8c%22:%91%22bottom_divider_color%22%93}&#8220; theme_builder_area=&#8220;post_content&#8220; title_text=&#8220;Events&#8220; sticky_enabled=&#8220;0&#8243;][et_pb_row column_structure=&#8220;1_2,1_2&#8243; _builder_version=&#8220;4.27.4&#8243; _module_preset=&#8220;default&#8220; width=&#8220;100%&#8220; max_width=&#8220;1371px&#8220; min_height=&#8220;169px&#8220; custom_margin=&#8220;50px||||false|false&#8220; global_colors_info=&#8220;{}&#8220; theme_builder_area=&#8220;post_content&#8220;][et_pb_column type=&#8220;1_2&#8243; _builder_version=&#8220;4.27.4&#8243; _module_preset=&#8220;default&#8220; global_colors_info=&#8220;{}&#8220; theme_builder_area=&#8220;post_content&#8220;][et_pb_heading title=&#8220;Erlebnisangebote&#8220; _builder_version=&#8220;4.27.4&#8243; _module_preset=&#8220;7233bd71-c73b-4661-bb00-c40989859c45&#8243; title_text_align=&#8220;center&#8220; title_text_color=&#8220;#FFFFFF&#8220; title_text_shadow_style=&#8220;preset2&#8243; global_colors_info=&#8220;{}&#8220; theme_builder_area=&#8220;post_content&#8220;][\/et_pb_heading][et_pb_text _builder_version=&#8220;4.27.4&#8243; _module_preset=&#8220;f2046f12-d74d-4d16-8db5-2b569ebd8a80&#8243; text_text_color=&#8220;#FFFFFF&#8220; text_font_size=&#8220;20px&#8220; global_colors_info=&#8220;{%22gcid-primary-color%22:%91%22link_text_color%22,%22link_text_color%22%93,%22gcid-heading-color%22:%91%22header_text_color%22,%22header_4_text_color%22,%22header_3_text_color%22,%22header_2_text_color%22,%22header_5_text_color%22,%22header_6_text_color%22,%22quote_text_color%22,%22header_text_color%22,%22header_4_text_color%22,%22header_3_text_color%22,%22header_2_text_color%22,%22header_5_text_color%22,%22header_6_text_color%22,%22quote_text_color%22%93,%22gcid-secondary-color%22:%91%22quote_border_color%22,%22quote_border_color%22%93}&#8220; theme_builder_area=&#8220;post_content&#8220;]<\/p>\n<p style=\"text-align: center;\">Entdecke unsere tollen Erlebnisangebote und verbringe Zeit mit deinen Liebsten mit unseren Alpakas<\/p>\n<p>[\/et_pb_text][\/et_pb_column][et_pb_column type=&#8220;1_2&#8243; _builder_version=&#8220;4.27.4&#8243; _module_preset=&#8220;default&#8220; global_colors_info=&#8220;{}&#8220; theme_builder_area=&#8220;post_content&#8220;][\/et_pb_column][\/et_pb_row][\/et_pb_section][et_pb_section fb_built=&#8220;1&#8243; _builder_version=&#8220;4.27.4&#8243; _module_preset=&#8220;default&#8220; background_color=&#8220;#f5efe6&#8243; background_enable_image=&#8220;off&#8220; hover_enabled=&#8220;0&#8243; global_colors_info=&#8220;{}&#8220; theme_builder_area=&#8220;post_content&#8220; sticky_enabled=&#8220;0&#8243;][et_pb_row _builder_version=&#8220;4.27.4&#8243; _module_preset=&#8220;default&#8220; theme_builder_area=&#8220;post_content&#8220; column_structure=&#8220;1_2,1_2&#8243; background_color=&#8220;#FFFFFF&#8220; hover_enabled=&#8220;0&#8243; sticky_enabled=&#8220;0&#8243; custom_margin=&#8220;||||false|false&#8220; custom_padding=&#8220;|50px||50px|false|false&#8220; box_shadow_style=&#8220;preset1&#8243; border_width_all=&#8220;10px&#8220; global_colors_info=&#8220;{%22gcid-cc078d1f-a88f-4e7f-b2f9-4253a844ef8c%22:%91%22border_color_all%22%93}&#8220; border_color_all=&#8220;gcid-cc078d1f-a88f-4e7f-b2f9-4253a844ef8c&#8220;][et_pb_column _builder_version=&#8220;4.27.4&#8243; _module_preset=&#8220;default&#8220; type=&#8220;1_2&#8243; theme_builder_area=&#8220;post_content&#8220;][et_pb_heading title=&#8220;Alpakawanderung&#8220; _builder_version=&#8220;4.27.4&#8243; _module_preset=&#8220;default&#8220; theme_builder_area=&#8220;post_content&#8220; hover_enabled=&#8220;0&#8243; sticky_enabled=&#8220;0&#8243; title_text_align=&#8220;center&#8220;][\/et_pb_heading][et_pb_text _builder_version=&#8220;4.27.4&#8243; _module_preset=&#8220;default&#8220; theme_builder_area=&#8220;post_content&#8220; hover_enabled=&#8220;0&#8243; sticky_enabled=&#8220;0&#8243;]<\/p>\n<p style=\"text-align: center;\"><span class=\"BZ_Pyq_fadeIn\">Erlebe <\/span><span class=\"BZ_Pyq_fadeIn\">eine <\/span><span class=\"BZ_Pyq_fadeIn\">entspannte <\/span><span class=\"BZ_Pyq_fadeIn\">Wanderung <\/span><span class=\"BZ_Pyq_fadeIn\">durch <\/span><span class=\"BZ_Pyq_fadeIn\">die <\/span><span class=\"BZ_Pyq_fadeIn\">Natur \u2013 <\/span><span class=\"BZ_Pyq_fadeIn\">gemeinsam <\/span><span class=\"BZ_Pyq_fadeIn\">mit <\/span><span class=\"BZ_Pyq_fadeIn\">unseren <\/span><span class=\"BZ_Pyq_fadeIn\">Alpakas.<\/span><\/p>\n<p>[\/et_pb_text][et_pb_image src=&#8220;https:\/\/bauernhof-kastrum.de\/wp-content\/uploads\/2024\/12\/1000061589-scaled.jpg&#8220; _builder_version=&#8220;4.27.4&#8243; _module_preset=&#8220;default&#8220; theme_builder_area=&#8220;post_content&#8220; title_text=&#8220;1000061589&#8243; hover_enabled=&#8220;0&#8243; sticky_enabled=&#8220;0&#8243;][\/et_pb_image][et_pb_text _builder_version=&#8220;4.27.4&#8243; _module_preset=&#8220;default&#8220; theme_builder_area=&#8220;post_content&#8220; hover_enabled=&#8220;0&#8243; sticky_enabled=&#8220;0&#8243; custom_padding=&#8220;|||20px|false|false&#8220;]<\/p>\n<p data-start=\"411\" data-end=\"476\">\n<ul>\n<li data-section-id=\"wtdeie\" data-start=\"477\" data-end=\"542\">\n<p data-start=\"479\" data-end=\"542\"><span class=\"BZ_Pyq_fadeIn\">1 <\/span><span class=\"BZ_Pyq_fadeIn\">Alpaka <\/span><span class=\"BZ_Pyq_fadeIn\">f\u00fcr <\/span><span class=\"BZ_Pyq_fadeIn\">2 <\/span><span class=\"BZ_Pyq_fadeIn\">Personen <\/span><span class=\"\" data-state=\"closed\"><\/span><\/p>\n<\/li>\n<li data-section-id=\"noqwcc\" data-start=\"543\" data-end=\"605\">\n<p data-start=\"545\" data-end=\"605\"><span class=\"BZ_Pyq_fadeIn\">Dauer: <\/span><span class=\"BZ_Pyq_fadeIn\">45\u2013<\/span><span class=\"BZ_Pyq_fadeIn\">60 <\/span><span class=\"BZ_Pyq_fadeIn\">Minuten<\/span><\/p>\n<\/li>\n<li data-section-id=\"noqwcc\" data-start=\"543\" data-end=\"605\">Gem\u00fctliche Strecken<span class=\"BZ_Pyq_fadeIn\"><\/span><\/li>\n<li data-section-id=\"noqwcc\" data-start=\"543\" data-end=\"605\">Gerne kann auch gef\u00fcttert werden<\/li>\n<li data-section-id=\"noqwcc\" data-start=\"543\" data-end=\"605\">Fotos k\u00f6nnen gemacht werden<\/li>\n<li data-section-id=\"noqwcc\" data-start=\"543\" data-end=\"605\"><span class=\"BZ_Pyq_fadeIn\">Preis: <strong>20\u20ac<\/strong> pro Person<\/span><\/li>\n<\/ul>\n<p>[\/et_pb_text][et_pb_button button_text=&#8220;Jetzt buchen&#8220; _builder_version=&#8220;4.27.4&#8243; _module_preset=&#8220;default&#8220; theme_builder_area=&#8220;post_content&#8220; button_url=&#8220;mailto:kalle@bauernhof-kastrum.de&#8220; hover_enabled=&#8220;0&#8243; sticky_enabled=&#8220;0&#8243; button_alignment=&#8220;center&#8220;][\/et_pb_button][\/et_pb_column][et_pb_column _builder_version=&#8220;4.27.4&#8243; _module_preset=&#8220;default&#8220; type=&#8220;1_2&#8243; theme_builder_area=&#8220;post_content&#8220;][et_pb_heading title=&#8220;Patenschaft&#8220; _builder_version=&#8220;4.27.4&#8243; _module_preset=&#8220;default&#8220; theme_builder_area=&#8220;post_content&#8220; hover_enabled=&#8220;0&#8243; sticky_enabled=&#8220;0&#8243; title_text_align=&#8220;center&#8220;][\/et_pb_heading][et_pb_text _builder_version=&#8220;4.27.4&#8243; _module_preset=&#8220;default&#8220; theme_builder_area=&#8220;post_content&#8220; hover_enabled=&#8220;0&#8243; sticky_enabled=&#8220;0&#8243;]<\/p>\n<p style=\"text-align: center;\"><span class=\"BZ_Pyq_fadeIn\">\u00dcbernimm <\/span><span class=\"BZ_Pyq_fadeIn\">die <\/span><span class=\"BZ_Pyq_fadeIn\">Patenschaft <\/span><span class=\"BZ_Pyq_fadeIn\">f\u00fcr <\/span><span class=\"BZ_Pyq_fadeIn\">dein <\/span><span class=\"BZ_Pyq_fadeIn\">eigenes <\/span><span class=\"BZ_Pyq_fadeIn\">Alpaka <\/span><span class=\"BZ_Pyq_fadeIn\">und <\/span><span class=\"BZ_Pyq_fadeIn\">unterst\u00fctze <\/span><span class=\"BZ_Pyq_fadeIn\">Pflege <\/span><span class=\"BZ_Pyq_fadeIn\">und <\/span><span class=\"BZ_Pyq_fadeIn\">Haltung.<\/span><\/p>\n<p>[\/et_pb_text][et_pb_image src=&#8220;https:\/\/bauernhof-kastrum.de\/wp-content\/uploads\/2024\/12\/1000079763.jpg&#8220; _builder_version=&#8220;4.27.4&#8243; _module_preset=&#8220;default&#8220; theme_builder_area=&#8220;post_content&#8220; title_text=&#8220;1000079763&#8243; hover_enabled=&#8220;0&#8243; sticky_enabled=&#8220;0&#8243;][\/et_pb_image][et_pb_text _builder_version=&#8220;4.27.4&#8243; _module_preset=&#8220;default&#8220; theme_builder_area=&#8220;post_content&#8220; hover_enabled=&#8220;0&#8243; sticky_enabled=&#8220;0&#8243; custom_padding=&#8220;|||20px|false|false&#8220;]<\/p>\n<ul>\n<li data-section-id=\"94jnhp\" data-start=\"729\" data-end=\"749\">\n<p data-start=\"731\" data-end=\"749\"><span class=\"BZ_Pyq_fadeIn\">1 <\/span><span class=\"BZ_Pyq_fadeIn\">Jahr <\/span><span class=\"BZ_Pyq_fadeIn\">Patenschaft<\/span><span class=\"BZ_Pyq_fadeIn\"><\/span><\/p>\n<\/li>\n<li data-section-id=\"16d67gz\" data-start=\"750\" data-end=\"776\">\n<p data-start=\"752\" data-end=\"776\"><span class=\"BZ_Pyq_fadeIn\">eigenes <\/span><span class=\"BZ_Pyq_fadeIn\">Alpaka <\/span><span class=\"BZ_Pyq_fadeIn\">ausw\u00e4hlen<\/span><\/p>\n<\/li>\n<li data-section-id=\"w2hru6\" data-start=\"777\" data-end=\"796\">\n<p data-start=\"779\" data-end=\"796\"><span class=\"BZ_Pyq_fadeIn\">pers\u00f6nliches <\/span><span class=\"BZ_Pyq_fadeIn\">Foto<\/span><\/p>\n<\/li>\n<li data-section-id=\"gpy9nn\" data-start=\"797\" data-end=\"818\">\n<p data-start=\"799\" data-end=\"818\"><span class=\"BZ_Pyq_fadeIn\">Wanderung <\/span><span class=\"BZ_Pyq_fadeIn\">inklusive<\/span><\/p>\n<\/li>\n<li data-section-id=\"om1aam\" data-start=\"819\" data-end=\"843\">\n<p data-start=\"821\" data-end=\"843\"><span class=\"BZ_Pyq_fadeIn\">Besuche <\/span><span class=\"BZ_Pyq_fadeIn\">nach <\/span><span class=\"BZ_Pyq_fadeIn\">Absprache<\/span><\/p>\n<\/li>\n<li data-section-id=\"u5wm6e\" data-start=\"844\" data-end=\"860\">\n<p data-start=\"846\" data-end=\"860\"><span class=\"BZ_Pyq_fadeIn\">Preis: <\/span><strong data-start=\"853\" data-end=\"860\"><span class=\"BZ_Pyq_fadeIn\">50\u20ac<\/span><\/strong><\/p>\n<\/li>\n<\/ul>\n<p>[\/et_pb_text][et_pb_button button_text=&#8220;Jetzt anfragen&#8220; _builder_version=&#8220;4.27.4&#8243; _module_preset=&#8220;default&#8220; theme_builder_area=&#8220;post_content&#8220; button_url=&#8220;mailto:kalle@bauernhof-kastrum.de&#8220; hover_enabled=&#8220;0&#8243; sticky_enabled=&#8220;0&#8243; button_alignment=&#8220;center&#8220;][\/et_pb_button][\/et_pb_column][\/et_pb_row][\/et_pb_section]<\/p>\n","protected":false},"excerpt":{"rendered":"<p>Entdecke unsere tollen Erlebnisangebote und verbringe Zeit mit deinen Liebsten mit unseren AlpakasErlebe eine entspannte Wanderung durch die Natur \u2013 gemeinsam mit unseren Alpakas. 1 Alpaka f\u00fcr 2 Personen Dauer: 45\u201360 Minuten Gem\u00fctliche Strecken Gerne kann auch gef\u00fcttert werden Fotos k\u00f6nnen gemacht werden Preis: 20\u20ac pro Person \u00dcbernimm die Patenschaft f\u00fcr dein eigenes Alpaka und [&hellip;]<\/p>\n","protected":false},"author":1,"featured_media":0,"parent":0,"menu_order":0,"comment_status":"closed","ping_status":"closed","template":"","meta":{"_et_pb_use_builder":"on","_et_pb_old_content":"","_et_gb_content_width":"","footnotes":""},"class_list":["post-147","page","type-page","status-publish","hentry"],"_links":{"self":[{"href":"https:\/\/bauernhof-kastrum.de\/index.php?rest_route=\/wp\/v2\/pages\/147","targetHints":{"allow":["GET"]}}],"collection":[{"href":"https:\/\/bauernhof-kastrum.de\/index.php?rest_route=\/wp\/v2\/pages"}],"about":[{"href":"https:\/\/bauernhof-kastrum.de\/index.php?rest_route=\/wp\/v2\/types\/page"}],"author":[{"embeddable":true,"href":"https:\/\/bauernhof-kastrum.de\/index.php?rest_route=\/wp\/v2\/users\/1"}],"replies":[{"embeddable":true,"href":"https:\/\/bauernhof-kastrum.de\/index.php?rest_route=%2Fwp%2Fv2%2Fcomments&post=147"}],"version-history":[{"count":4,"href":"https:\/\/bauernhof-kastrum.de\/index.php?rest_route=\/wp\/v2\/pages\/147\/revisions"}],"predecessor-version":[{"id":154,"href":"https:\/\/bauernhof-kastrum.de\/index.php?rest_route=\/wp\/v2\/pages\/147\/revisions\/154"}],"wp:attachment":[{"href":"https:\/\/bauernhof-kastrum.de\/index.php?rest_route=%2Fwp%2Fv2%2Fmedia&parent=147"}],"curies":[{"name":"wp","href":"https:\/\/api.w.org\/{rel}","templated":true}]}}